{"id":291,"date":"2025-02-05T18:34:45","date_gmt":"2025-02-05T18:34:45","guid":{"rendered":"https:\/\/www.308j.pl\/?page_id=291"},"modified":"2025-02-05T19:53:39","modified_gmt":"2025-02-05T19:53:39","slug":"plany","status":"publish","type":"page","link":"http:\/\/www.308j.pl\/?page_id=291","title":{"rendered":"Plany"},"content":{"rendered":"<!-- wp:themify-builder\/canvas \/-->","protected":false},"excerpt":{"rendered":"","protected":false},"author":1,"featured_media":0,"parent":0,"menu_order":0,"comment_status":"closed","ping_status":"closed","template":"","meta":{"footnotes":""},"class_list":["post-291","page","type-page","status-publish","hentry","has-post-title","has-post-date","has-post-category","has-post-tag","has-post-comment","has-post-author",""],"builder_content":"\n<a href=\"http:\/\/www.308j.pl\/wp-content\/uploads\/2025\/02\/Zrzut-ekranu-2025-02-05-201930.png\" > <svg aria-label=\"Open\" role=\"img\"><use href=\"#tf-ti-search\"><\/use><\/svg> <img src=\"http:\/\/www.308j.pl\/wp-content\/uploads\/2025\/02\/Zrzut-ekranu-2025-02-05-201930-1024x760-700x519.png\" width=\"700\" height=\"519\" title=\"mapa google\" alt=\"Odleg\u0142o\u015b\u0107 od centrum Warszawy\" srcset=\"http:\/\/www.308j.pl\/wp-content\/uploads\/2025\/02\/Zrzut-ekranu-2025-02-05-201930-1024x760-700x519.png 700w, http:\/\/www.308j.pl\/wp-content\/uploads\/2025\/02\/Zrzut-ekranu-2025-02-05-201930-300x223.png 300w, http:\/\/www.308j.pl\/wp-content\/uploads\/2025\/02\/Zrzut-ekranu-2025-02-05-201930-1024x760.png 1024w, http:\/\/www.308j.pl\/wp-content\/uploads\/2025\/02\/Zrzut-ekranu-2025-02-05-201930-768x570.png 768w, http:\/\/www.308j.pl\/wp-content\/uploads\/2025\/02\/Zrzut-ekranu-2025-02-05-201930.png 1080w\" sizes=\"(max-width: 700px) 100vw, 700px\" \/> <\/a>\nLokalizacja wzgl\u0119dem centrum Warszawy\n<a href=\"http:\/\/www.308j.pl\/wp-content\/uploads\/2025\/02\/z_drona_dzialka.jpg\" > <svg aria-label=\"Open\" role=\"img\"><use href=\"#tf-ti-search\"><\/use><\/svg> <img src=\"http:\/\/www.308j.pl\/wp-content\/uploads\/2025\/02\/z_drona_dzialka-1024x644-700x440.jpg\" width=\"700\" height=\"440\" title=\"z_drona_dzialka\" alt=\"z_drona_dzialka\" srcset=\"http:\/\/www.308j.pl\/wp-content\/uploads\/2025\/02\/z_drona_dzialka-1024x644-700x440.jpg 700w, http:\/\/www.308j.pl\/wp-content\/uploads\/2025\/02\/z_drona_dzialka-300x189.jpg 300w, http:\/\/www.308j.pl\/wp-content\/uploads\/2025\/02\/z_drona_dzialka-1024x644.jpg 1024w, http:\/\/www.308j.pl\/wp-content\/uploads\/2025\/02\/z_drona_dzialka-768x483.jpg 768w, http:\/\/www.308j.pl\/wp-content\/uploads\/2025\/02\/z_drona_dzialka-1536x966.jpg 1536w, http:\/\/www.308j.pl\/wp-content\/uploads\/2025\/02\/z_drona_dzialka.jpg 1603w\" sizes=\"(max-width: 700px) 100vw, 700px\" \/> <\/a>\nLokalizacja i wymiary dzia\u0142ki.\n<a href=\"http:\/\/www.308j.pl\/wp-content\/uploads\/2025\/02\/rzut_parter.jpg\" > <svg aria-label=\"Open\" role=\"img\"><use href=\"#tf-ti-search\"><\/use><\/svg> <img src=\"http:\/\/www.308j.pl\/wp-content\/uploads\/2025\/02\/rzut_parter-1024x652-700x445.jpg\" width=\"700\" height=\"445\" title=\"rzut_parter\" alt=\"rzut_parter\" srcset=\"http:\/\/www.308j.pl\/wp-content\/uploads\/2025\/02\/rzut_parter-1024x652-700x445.jpg 700w, http:\/\/www.308j.pl\/wp-content\/uploads\/2025\/02\/rzut_parter-300x191.jpg 300w, http:\/\/www.308j.pl\/wp-content\/uploads\/2025\/02\/rzut_parter-1024x652.jpg 1024w, http:\/\/www.308j.pl\/wp-content\/uploads\/2025\/02\/rzut_parter-768x489.jpg 768w, http:\/\/www.308j.pl\/wp-content\/uploads\/2025\/02\/rzut_parter-1536x978.jpg 1536w, http:\/\/www.308j.pl\/wp-content\/uploads\/2025\/02\/rzut_parter.jpg 1719w\" sizes=\"(max-width: 700px) 100vw, 700px\" \/> <\/a>\nRzut parteru\n<a href=\"http:\/\/www.308j.pl\/wp-content\/uploads\/2025\/02\/rzut_pietro-1.jpg\" > <svg aria-label=\"Open\" role=\"img\"><use href=\"#tf-ti-search\"><\/use><\/svg> <img src=\"http:\/\/www.308j.pl\/wp-content\/uploads\/2025\/02\/rzut_pietro-1-1024x652-700x445.jpg\" width=\"700\" height=\"445\" title=\"rzut_pi\u0119tro\" alt=\"rzut_pi\u0119tro\" srcset=\"http:\/\/www.308j.pl\/wp-content\/uploads\/2025\/02\/rzut_pietro-1-1024x652-700x445.jpg 700w, http:\/\/www.308j.pl\/wp-content\/uploads\/2025\/02\/rzut_pietro-1-300x191.jpg 300w, http:\/\/www.308j.pl\/wp-content\/uploads\/2025\/02\/rzut_pietro-1-1024x652.jpg 1024w, http:\/\/www.308j.pl\/wp-content\/uploads\/2025\/02\/rzut_pietro-1-768x489.jpg 768w, http:\/\/www.308j.pl\/wp-content\/uploads\/2025\/02\/rzut_pietro-1-1536x978.jpg 1536w, http:\/\/www.308j.pl\/wp-content\/uploads\/2025\/02\/rzut_pietro-1.jpg 1719w\" sizes=\"(max-width: 700px) 100vw, 700px\" \/> <\/a>\nRzut pi\u0119tra\n","_links":{"self":[{"href":"http:\/\/www.308j.pl\/index.php?rest_route=\/wp\/v2\/pages\/291","targetHints":{"allow":["GET"]}}],"collection":[{"href":"http:\/\/www.308j.pl\/index.php?rest_route=\/wp\/v2\/pages"}],"about":[{"href":"http:\/\/www.308j.pl\/index.php?rest_route=\/wp\/v2\/types\/page"}],"author":[{"embeddable":true,"href":"http:\/\/www.308j.pl\/index.php?rest_route=\/wp\/v2\/users\/1"}],"replies":[{"embeddable":true,"href":"http:\/\/www.308j.pl\/index.php?rest_route=%2Fwp%2Fv2%2Fcomments&post=291"}],"version-history":[{"count":41,"href":"http:\/\/www.308j.pl\/index.php?rest_route=\/wp\/v2\/pages\/291\/revisions"}],"predecessor-version":[{"id":339,"href":"http:\/\/www.308j.pl\/index.php?rest_route=\/wp\/v2\/pages\/291\/revisions\/339"}],"wp:attachment":[{"href":"http:\/\/www.308j.pl\/index.php?rest_route=%2Fwp%2Fv2%2Fmedia&parent=291"}],"curies":[{"name":"wp","href":"https:\/\/api.w.org\/{rel}","templated":true}]}}